{"id":36,"date":"2024-06-08T10:39:37","date_gmt":"2024-06-08T10:39:37","guid":{"rendered":"https:\/\/linguatrek.erasmus.site\/?page_id=36"},"modified":"2026-03-17T12:23:58","modified_gmt":"2026-03-17T12:23:58","slug":"home","status":"publish","type":"page","link":"https:\/\/linguatrek.erasmus.site\/es\/","title":{"rendered":"Inicio"},"content":{"rendered":"\t\t<div data-elementor-type=\"wp-page\" data-elementor-id=\"36\" class=\"elementor elementor-36\">\n\t\t\t\t<div class=\"elementor-element elementor-element-10e9bc6 e-flex e-con-boxed e-con e-parent\" data-id=\"10e9bc6\" data-element_type=\"container\" data-e-type=\"container\" data-settings=\"{&quot;background_background&quot;:&quot;classic&quot;}\">\n\t\t\t\t\t<div class=\"e-con-inner\">\n\t\t<div class=\"elementor-element elementor-element-0d071b0 e-flex e-con-boxed elementor-invisible e-con e-child\" data-id=\"0d071b0\" data-element_type=\"container\" data-e-type=\"container\" data-settings=\"{&quot;background_background&quot;:&quot;classic&quot;,&quot;animation&quot;:&quot;bounceIn&quot;}\">\n\t\t\t\t\t<div class=\"e-con-inner\">\n\t\t\t\t<div class=\"elementor-element elementor-element-0ce55ed elementor-widget elementor-widget-heading\" data-id=\"0ce55ed\" data-element_type=\"widget\" data-e-type=\"widget\" data-widget_type=\"heading.default\">\n\t\t\t\t<div class=\"elementor-widget-container\">\n\t\t\t\t\t<h2 class=\"elementor-heading-title elementor-size-default\">Lingua Trek: transforming foreign language education in Europe through digital game-based approach<\/h2>\t\t\t\t<\/div>\n\t\t\t\t<\/div>\n\t\t\t\t<div class=\"elementor-element elementor-element-9c355a0 elementor-widget elementor-widget-text-editor\" data-id=\"9c355a0\" data-element_type=\"widget\" data-e-type=\"widget\" data-widget_type=\"text-editor.default\">\n\t\t\t\t<div class=\"elementor-widget-container\">\n\t\t\t\t\t\t\t\t\t<p>Campo: Asociaciones de cooperaci\u00f3n en educaci\u00f3n escolar<br \/>N\u00famero de proyecto: 2023-1-ES01-KA220-SCH-000161886<br \/>Duraci\u00f3n del proyecto: 01.10.2023 \u2013 30.06.2026<\/p>\t\t\t\t\t\t\t\t<\/div>\n\t\t\t\t<\/div>\n\t\t\t\t\t<\/div>\n\t\t\t\t<\/div>\n\t\t\t\t\t<\/div>\n\t\t\t\t<\/div>\n\t\t<div class=\"elementor-element elementor-element-b5c3c24 e-flex e-con-boxed elementor-invisible e-con e-parent\" data-id=\"b5c3c24\" data-element_type=\"container\" data-e-type=\"container\" data-settings=\"{&quot;animation&quot;:&quot;fadeIn&quot;}\">\n\t\t\t\t\t<div class=\"e-con-inner\">\n\t\t<div class=\"elementor-element elementor-element-9c48ef8 e-con-full e-flex e-con e-child\" data-id=\"9c48ef8\" data-element_type=\"container\" data-e-type=\"container\">\n\t\t\t\t<div class=\"elementor-element elementor-element-6b2873a elementor-widget elementor-widget-menu-anchor\" data-id=\"6b2873a\" data-element_type=\"widget\" data-e-type=\"widget\" data-widget_type=\"menu-anchor.default\">\n\t\t\t\t<div class=\"elementor-widget-container\">\n\t\t\t\t\t\t\t<div class=\"elementor-menu-anchor\" id=\"about\"><\/div>\n\t\t\t\t\t\t<\/div>\n\t\t\t\t<\/div>\n\t\t<div class=\"elementor-element elementor-element-650810f e-flex e-con-boxed e-con e-child\" data-id=\"650810f\" data-element_type=\"container\" data-e-type=\"container\">\n\t\t\t\t\t<div class=\"e-con-inner\">\n\t\t\t\t<div class=\"elementor-element elementor-element-050ff2d elementor-widget elementor-widget-heading\" data-id=\"050ff2d\" data-element_type=\"widget\" data-e-type=\"widget\" data-widget_type=\"heading.default\">\n\t\t\t\t<div class=\"elementor-widget-container\">\n\t\t\t\t\t<h3 class=\"elementor-heading-title elementor-size-default\">Acerca del proyecto<\/h3>\t\t\t\t<\/div>\n\t\t\t\t<\/div>\n\t\t\t\t<div class=\"elementor-element elementor-element-b634da6 elementor-widget elementor-widget-text-editor\" data-id=\"b634da6\" data-element_type=\"widget\" data-e-type=\"widget\" data-widget_type=\"text-editor.default\">\n\t\t\t\t<div class=\"elementor-widget-container\">\n\t\t\t\t\t\t\t\t\t<p>LINGUA TREK pretende mejorar la calidad de la ense\u00f1anza de la lengua inglesa en Europa fomentando su uso en contextos aut\u00e9nticos.<\/p><p>Una formaci\u00f3n h\u00edbrida para los docentes les dotar\u00e1 de una novedosa metodolog\u00eda de ense\u00f1anza a trav\u00e9s del uso de juegos digitales.<\/p><p>La implementaci\u00f3n de \u00e9stos proporcionar\u00e1 a los estudiantes oportunidades de utilizar el idioma de manera activa en situaciones reales, adem\u00e1s de impulsar el entendimiento y la apreciaci\u00f3n interculturales.<\/p>\t\t\t\t\t\t\t\t<\/div>\n\t\t\t\t<\/div>\n\t\t\t\t\t<\/div>\n\t\t\t\t<\/div>\n\t\t\t\t<\/div>\n\t\t<div class=\"elementor-element elementor-element-0f4f8c6 e-con-full e-flex e-con e-child\" data-id=\"0f4f8c6\" data-element_type=\"container\" data-e-type=\"container\">\n\t\t\t\t<div class=\"elementor-element elementor-element-f0ff566 elementor-widget elementor-widget-image\" data-id=\"f0ff566\" data-element_type=\"widget\" data-e-type=\"widget\" data-widget_type=\"image.default\">\n\t\t\t\t<div class=\"elementor-widget-container\">\n\t\t\t\t\t\t\t\t\t\t\t\t\t\t\t<img fetchpriority=\"high\" decoding=\"async\" width=\"1024\" height=\"727\" src=\"https:\/\/linguatrek.erasmus.site\/wp-content\/uploads\/2024\/06\/2148962958-1024x727.webp\" class=\"attachment-large size-large wp-image-76\" alt=\"\" srcset=\"https:\/\/linguatrek.erasmus.site\/wp-content\/uploads\/2024\/06\/2148962958-1024x727.webp 1024w, https:\/\/linguatrek.erasmus.site\/wp-content\/uploads\/2024\/06\/2148962958-300x213.webp 300w, https:\/\/linguatrek.erasmus.site\/wp-content\/uploads\/2024\/06\/2148962958-768x545.webp 768w, https:\/\/linguatrek.erasmus.site\/wp-content\/uploads\/2024\/06\/2148962958-24x17.webp 24w, https:\/\/linguatrek.erasmus.site\/wp-content\/uploads\/2024\/06\/2148962958-36x26.webp 36w, https:\/\/linguatrek.erasmus.site\/wp-content\/uploads\/2024\/06\/2148962958-48x34.webp 48w, https:\/\/linguatrek.erasmus.site\/wp-content\/uploads\/2024\/06\/2148962958.webp 1500w\" sizes=\"(max-width: 1024px) 100vw, 1024px\" \/>\t\t\t\t\t\t\t\t\t\t\t\t\t\t\t<\/div>\n\t\t\t\t<\/div>\n\t\t\t\t<\/div>\n\t\t\t\t\t<\/div>\n\t\t\t\t<\/div>\n\t\t<div class=\"elementor-element elementor-element-0e3af9e e-flex e-con-boxed elementor-invisible e-con e-parent\" data-id=\"0e3af9e\" data-element_type=\"container\" data-e-type=\"container\" data-settings=\"{&quot;animation&quot;:&quot;fadeInUp&quot;}\">\n\t\t\t\t\t<div class=\"e-con-inner\">\n\t\t\t\t<div class=\"elementor-element elementor-element-659b12a elementor-widget elementor-widget-menu-anchor\" data-id=\"659b12a\" data-element_type=\"widget\" data-e-type=\"widget\" data-widget_type=\"menu-anchor.default\">\n\t\t\t\t<div class=\"elementor-widget-container\">\n\t\t\t\t\t\t\t<div class=\"elementor-menu-anchor\" id=\"results\"><\/div>\n\t\t\t\t\t\t<\/div>\n\t\t\t\t<\/div>\n\t\t<div class=\"elementor-element elementor-element-48b1f1c e-flex e-con-boxed e-con e-child\" data-id=\"48b1f1c\" data-element_type=\"container\" data-e-type=\"container\">\n\t\t\t\t\t<div class=\"e-con-inner\">\n\t\t\t\t<div class=\"elementor-element elementor-element-27a5726 elementor-widget elementor-widget-heading\" data-id=\"27a5726\" data-element_type=\"widget\" data-e-type=\"widget\" data-widget_type=\"heading.default\">\n\t\t\t\t<div class=\"elementor-widget-container\">\n\t\t\t\t\t<h3 class=\"elementor-heading-title elementor-size-default\">Resultados del proyecto<\/h3>\t\t\t\t<\/div>\n\t\t\t\t<\/div>\n\t\t\t\t<div class=\"elementor-element elementor-element-5e79dbd elementor-widget elementor-widget-text-editor\" data-id=\"5e79dbd\" data-element_type=\"widget\" data-e-type=\"widget\" data-widget_type=\"text-editor.default\">\n\t\t\t\t<div class=\"elementor-widget-container\">\n\t\t\t\t\t\t\t\t\t<p>LINGUA TREK desarrollar\u00e1 tres resultados:<\/p><p>&#8211; R1. Un documento detallado sobre el escenario del juego y el material did\u00e1ctico que lo acompa\u00f1a, en el que se describen los objetivos del juego que se ajustan a los principios del aprendizaje de idiomas basado en juegos digitales.<\/p><p><a href=\"https:\/\/linguatrek.net\/\" target=\"_blank\" rel=\"noopener\">&#8211; R2. Un juego m\u00f3vil totalmente funcional que ha sido probado y perfeccionado a trav\u00e9s de evaluaciones formativas.<\/a><\/p><p><a href=\"https:\/\/educationalinnovation.learnworlds.com\/course\/linguatrek\" target=\"_blank\" rel=\"noopener\">&#8211; R3. Una formaci\u00f3n h\u00edbrida para el desarrollo profesional de los profesores con el objetivo de ayudarles a adquirir los conocimientos necesarios para integrar Lingua Trek en sus pr\u00e1cticas docentes.<\/a><\/p>\t\t\t\t\t\t\t\t<\/div>\n\t\t\t\t<\/div>\n\t\t\t\t\t<\/div>\n\t\t\t\t<\/div>\n\t\t\t\t\t<\/div>\n\t\t\t\t<\/div>\n\t\t<div class=\"elementor-element elementor-element-2bb8579 e-flex e-con-boxed elementor-invisible e-con e-parent\" data-id=\"2bb8579\" data-element_type=\"container\" data-e-type=\"container\" data-settings=\"{&quot;animation&quot;:&quot;fadeInUp&quot;}\">\n\t\t\t\t\t<div class=\"e-con-inner\">\n\t\t\t\t<div class=\"elementor-element elementor-element-bedbf51 elementor-widget elementor-widget-menu-anchor\" data-id=\"bedbf51\" data-element_type=\"widget\" data-e-type=\"widget\" data-widget_type=\"menu-anchor.default\">\n\t\t\t\t<div class=\"elementor-widget-container\">\n\t\t\t\t\t\t\t<div class=\"elementor-menu-anchor\" id=\"partners\"><\/div>\n\t\t\t\t\t\t<\/div>\n\t\t\t\t<\/div>\n\t\t\t\t<div class=\"elementor-element elementor-element-0334057 elementor-widget elementor-widget-heading\" data-id=\"0334057\" data-element_type=\"widget\" data-e-type=\"widget\" data-widget_type=\"heading.default\">\n\t\t\t\t<div class=\"elementor-widget-container\">\n\t\t\t\t\t<h3 class=\"elementor-heading-title elementor-size-default\">Socios<\/h3>\t\t\t\t<\/div>\n\t\t\t\t<\/div>\n\t\t\t\t\t<\/div>\n\t\t\t\t<\/div>\n\t\t<div class=\"elementor-element elementor-element-c4bddd6 e-flex e-con-boxed elementor-invisible e-con e-parent\" data-id=\"c4bddd6\" data-element_type=\"container\" data-e-type=\"container\" data-settings=\"{&quot;animation&quot;:&quot;slideInUp&quot;}\">\n\t\t\t\t\t<div class=\"e-con-inner\">\n\t\t<div class=\"elementor-element elementor-element-92f89b1 e-con-full e-flex e-con e-child\" data-id=\"92f89b1\" data-element_type=\"container\" data-e-type=\"container\">\n\t\t\t\t<div class=\"elementor-element elementor-element-8be0401 elementor-widget elementor-widget-text-editor\" data-id=\"8be0401\" data-element_type=\"widget\" data-e-type=\"widget\" data-widget_type=\"text-editor.default\">\n\t\t\t\t<div class=\"elementor-widget-container\">\n\t\t\t\t\t\t\t\t\t\r\n\t<div class=\"paoc-image-popup\">\r\n\t\t<a class=\"paoc-popup-click paoc-popup-cust-48 paoc-popup-image paoc-popup-image\" href=\"javascript:void(0);\"><img decoding=\"async\" class=\"popupaoc-img\" src=\"https:\/\/linguatrek.erasmus.site\/wp-content\/uploads\/2024\/06\/cajdeburgos.webp\" alt=\"\" \/><\/a>\r\n\r\n\t\t\t<\/div>\r\n\r\n\t\t\t\t\t\t\t\t<\/div>\n\t\t\t\t<\/div>\n\t\t\t\t<\/div>\n\t\t<div class=\"elementor-element elementor-element-8412540 e-con-full e-flex e-con e-child\" data-id=\"8412540\" data-element_type=\"container\" data-e-type=\"container\">\n\t\t\t\t<div class=\"elementor-element elementor-element-c43d472 elementor-widget elementor-widget-text-editor\" data-id=\"c43d472\" data-element_type=\"widget\" data-e-type=\"widget\" data-widget_type=\"text-editor.default\">\n\t\t\t\t<div class=\"elementor-widget-container\">\n\t\t\t\t\t\t\t\t\t\r\n\t<div class=\"paoc-image-popup\">\r\n\t\t<a class=\"paoc-popup-click paoc-popup-cust-50 paoc-popup-image paoc-popup-image\" href=\"javascript:void(0);\"><img decoding=\"async\" class=\"popupaoc-img\" src=\"https:\/\/linguatrek.erasmus.site\/wp-content\/uploads\/2024\/06\/nafplio.webp\" alt=\"\" \/><\/a>\r\n\r\n\t\t\t<\/div>\r\n\r\n\t\t\t\t\t\t\t\t<\/div>\n\t\t\t\t<\/div>\n\t\t\t\t<\/div>\n\t\t<div class=\"elementor-element elementor-element-3ba3c6d e-con-full e-flex e-con e-child\" data-id=\"3ba3c6d\" data-element_type=\"container\" data-e-type=\"container\">\n\t\t\t\t<div class=\"elementor-element elementor-element-009da0d elementor-widget elementor-widget-text-editor\" data-id=\"009da0d\" data-element_type=\"widget\" data-e-type=\"widget\" data-widget_type=\"text-editor.default\">\n\t\t\t\t<div class=\"elementor-widget-container\">\n\t\t\t\t\t\t\t\t\t\r\n\t<div class=\"paoc-image-popup\">\r\n\t\t<a class=\"paoc-popup-click paoc-popup-cust-52 paoc-popup-image paoc-popup-image\" href=\"javascript:void(0);\"><img decoding=\"async\" class=\"popupaoc-img\" src=\"https:\/\/linguatrek.erasmus.site\/wp-content\/uploads\/2024\/06\/angulos.webp\" alt=\"\" \/><\/a>\r\n\r\n\t\t\t<\/div>\r\n\r\n\t\t\t\t\t\t\t\t<\/div>\n\t\t\t\t<\/div>\n\t\t\t\t<\/div>\n\t\t<div class=\"elementor-element elementor-element-b81c103 e-con-full e-flex e-con e-child\" data-id=\"b81c103\" data-element_type=\"container\" data-e-type=\"container\">\n\t\t\t\t<div class=\"elementor-element elementor-element-1643c10 elementor-widget elementor-widget-text-editor\" data-id=\"1643c10\" data-element_type=\"widget\" data-e-type=\"widget\" data-widget_type=\"text-editor.default\">\n\t\t\t\t<div class=\"elementor-widget-container\">\n\t\t\t\t\t\t\t\t\t\r\n\t<div class=\"paoc-image-popup\">\r\n\t\t<a class=\"paoc-popup-click paoc-popup-cust-54 paoc-popup-image paoc-popup-image\" href=\"javascript:void(0);\"><img decoding=\"async\" class=\"popupaoc-img\" src=\"https:\/\/linguatrek.erasmus.site\/wp-content\/uploads\/2024\/06\/connectus.webp\" alt=\"\" \/><\/a>\r\n\r\n\t\t\t<\/div>\r\n\r\n\t\t\t\t\t\t\t\t<\/div>\n\t\t\t\t<\/div>\n\t\t\t\t<\/div>\n\t\t\t\t\t<\/div>\n\t\t\t\t<\/div>\n\t\t<div class=\"elementor-element elementor-element-dd4ad2c e-flex e-con-boxed elementor-invisible e-con e-parent\" data-id=\"dd4ad2c\" data-element_type=\"container\" data-e-type=\"container\" data-settings=\"{&quot;animation&quot;:&quot;fadeInUp&quot;}\">\n\t\t\t\t\t<div class=\"e-con-inner\">\n\t\t<div class=\"elementor-element elementor-element-e90ce04 e-con-full e-flex e-con e-child\" data-id=\"e90ce04\" data-element_type=\"container\" data-e-type=\"container\">\n\t\t\t\t<div class=\"elementor-element elementor-element-bb51859 elementor-widget elementor-widget-text-editor\" data-id=\"bb51859\" data-element_type=\"widget\" data-e-type=\"widget\" data-widget_type=\"text-editor.default\">\n\t\t\t\t<div class=\"elementor-widget-container\">\n\t\t\t\t\t\t\t\t\t\r\n\t<div class=\"paoc-image-popup\">\r\n\t\t<a class=\"paoc-popup-click paoc-popup-cust-56 paoc-popup-image paoc-popup-image\" href=\"javascript:void(0);\"><img decoding=\"async\" class=\"popupaoc-img\" src=\"https:\/\/linguatrek.erasmus.site\/wp-content\/uploads\/2024\/06\/danmar.webp\" alt=\"\" \/><\/a>\r\n\r\n\t\t\t<\/div>\r\n\r\n\t\t\t\t\t\t\t\t<\/div>\n\t\t\t\t<\/div>\n\t\t\t\t<\/div>\n\t\t<div class=\"elementor-element elementor-element-78eaff8 e-con-full e-flex e-con e-child\" data-id=\"78eaff8\" data-element_type=\"container\" data-e-type=\"container\">\n\t\t\t\t<div class=\"elementor-element elementor-element-7a75559 elementor-widget elementor-widget-text-editor\" data-id=\"7a75559\" data-element_type=\"widget\" data-e-type=\"widget\" data-widget_type=\"text-editor.default\">\n\t\t\t\t<div class=\"elementor-widget-container\">\n\t\t\t\t\t\t\t\t\t\r\n\t<div class=\"paoc-image-popup\">\r\n\t\t<a class=\"paoc-popup-click paoc-popup-cust-58 paoc-popup-image paoc-popup-image\" href=\"javascript:void(0);\"><img decoding=\"async\" class=\"popupaoc-img\" src=\"https:\/\/linguatrek.erasmus.site\/wp-content\/uploads\/2024\/06\/innomate.webp\" alt=\"\" \/><\/a>\r\n\r\n\t\t\t<\/div>\r\n\r\n\t\t\t\t\t\t\t\t<\/div>\n\t\t\t\t<\/div>\n\t\t\t\t<\/div>\n\t\t<div class=\"elementor-element elementor-element-5bfb9fd e-con-full e-flex e-con e-child\" data-id=\"5bfb9fd\" data-element_type=\"container\" data-e-type=\"container\">\n\t\t\t\t<div class=\"elementor-element elementor-element-b96ca9c elementor-widget elementor-widget-text-editor\" data-id=\"b96ca9c\" data-element_type=\"widget\" data-e-type=\"widget\" data-widget_type=\"text-editor.default\">\n\t\t\t\t<div class=\"elementor-widget-container\">\n\t\t\t\t\t\t\t\t\t\r\n\t<div class=\"paoc-image-popup\">\r\n\t\t<a class=\"paoc-popup-click paoc-popup-cust-60 paoc-popup-image paoc-popup-image\" href=\"javascript:void(0);\"><img decoding=\"async\" class=\"popupaoc-img\" src=\"https:\/\/linguatrek.erasmus.site\/wp-content\/uploads\/2024\/06\/rsm.webp\" alt=\"\" \/><\/a>\r\n\r\n\t\t\t<\/div>\r\n\r\n\t\t\t\t\t\t\t\t<\/div>\n\t\t\t\t<\/div>\n\t\t\t\t<\/div>\n\t\t<div class=\"elementor-element elementor-element-a132ecb e-con-full e-flex e-con e-child\" data-id=\"a132ecb\" data-element_type=\"container\" data-e-type=\"container\">\n\t\t\t\t<div class=\"elementor-element elementor-element-de670c4 elementor-widget elementor-widget-text-editor\" data-id=\"de670c4\" data-element_type=\"widget\" data-e-type=\"widget\" data-widget_type=\"text-editor.default\">\n\t\t\t\t<div class=\"elementor-widget-container\">\n\t\t\t\t\t\t\t\t\t\r\n\t<div class=\"paoc-image-popup\">\r\n\t\t<a class=\"paoc-popup-click paoc-popup-cust-62 paoc-popup-image paoc-popup-image\" href=\"javascript:void(0);\"><img decoding=\"async\" class=\"popupaoc-img\" src=\"https:\/\/linguatrek.erasmus.site\/wp-content\/uploads\/2025\/02\/APserveImage-300x300.webp\" alt=\"\" \/><\/a>\r\n\r\n\t\t\t<\/div>\r\n\r\n\t\t\t\t\t\t\t\t<\/div>\n\t\t\t\t<\/div>\n\t\t\t\t<\/div>\n\t\t\t\t\t<\/div>\n\t\t\t\t<\/div>\n\t\t\t\t<\/div>\n\t\t","protected":false},"excerpt":{"rendered":"<p>Lingua Trek: transforming foreign language education in Europe through digital game-based approach Campo: Asociaciones de cooperaci\u00f3n en educaci\u00f3n escolarN\u00famero de proyecto: 2023-1-ES01-KA220-SCH-000161886Duraci\u00f3n del proyecto: 01.10.2023 \u2013 30.06.2026 Acerca del proyecto LINGUA TREK pretende mejorar la calidad de la ense\u00f1anza de la lengua inglesa en Europa fomentando su uso en contextos aut\u00e9nticos. Una formaci\u00f3n h\u00edbrida para&hellip;&nbsp;<a href=\"https:\/\/linguatrek.erasmus.site\/es\/\" rel=\"bookmark\">Leer m\u00e1s &raquo;<span class=\"screen-reader-text\">Inicio<\/span><\/a><\/p>\n","protected":false},"author":1,"featured_media":0,"parent":0,"menu_order":0,"comment_status":"closed","ping_status":"closed","template":"page-templates\/template-pagebuilder-full-width.php","meta":{"neve_meta_sidebar":"","neve_meta_container":"","neve_meta_enable_content_width":"off","neve_meta_content_width":100,"neve_meta_title_alignment":"","neve_meta_author_avatar":"","neve_post_elements_order":"","neve_meta_disable_header":"","neve_meta_disable_footer":"","neve_meta_disable_title":"","footnotes":""},"class_list":["post-36","page","type-page","status-publish","hentry"],"_links":{"self":[{"href":"https:\/\/linguatrek.erasmus.site\/es\/wp-json\/wp\/v2\/pages\/36","targetHints":{"allow":["GET"]}}],"collection":[{"href":"https:\/\/linguatrek.erasmus.site\/es\/wp-json\/wp\/v2\/pages"}],"about":[{"href":"https:\/\/linguatrek.erasmus.site\/es\/wp-json\/wp\/v2\/types\/page"}],"author":[{"embeddable":true,"href":"https:\/\/linguatrek.erasmus.site\/es\/wp-json\/wp\/v2\/users\/1"}],"replies":[{"embeddable":true,"href":"https:\/\/linguatrek.erasmus.site\/es\/wp-json\/wp\/v2\/comments?post=36"}],"version-history":[{"count":102,"href":"https:\/\/linguatrek.erasmus.site\/es\/wp-json\/wp\/v2\/pages\/36\/revisions"}],"predecessor-version":[{"id":274,"href":"https:\/\/linguatrek.erasmus.site\/es\/wp-json\/wp\/v2\/pages\/36\/revisions\/274"}],"wp:attachment":[{"href":"https:\/\/linguatrek.erasmus.site\/es\/wp-json\/wp\/v2\/media?parent=36"}],"curies":[{"name":"wp","href":"https:\/\/api.w.org\/{rel}","templated":true}]}}